{"id":15789,"date":"2025-11-28T17:41:41","date_gmt":"2025-11-28T14:41:41","guid":{"rendered":"http:\/\/www.gch.com.tr\/rfp\/"},"modified":"2026-02-13T11:56:51","modified_gmt":"2026-02-13T08:56:51","slug":"rfp","status":"publish","type":"page","link":"http:\/\/www.gch.com.tr\/en\/rfp\/","title":{"rendered":"RFP"},"content":{"rendered":"\t\t<div data-elementor-type=\"wp-page\" data-elementor-id=\"15789\" class=\"elementor elementor-15789 elementor-14104\">\n\t\t\t\t\t\t\t\t\t<section class=\"elementor-section elementor-top-section elementor-element elementor-element-17bfdae elementor-section-boxed elementor-section-height-default elementor-section-height-default qodef-elementor-content-no\" data-id=\"17bfdae\" data-element_type=\"section\">\n\t\t\t\t\t\t<div class=\"elementor-container elementor-column-gap-default\">\n\t\t\t\t\t<div class=\"elementor-column elementor-col-100 elementor-top-column elementor-element elementor-element-32301b6\" data-id=\"32301b6\" data-element_type=\"column\">\n\t\t\t<div class=\"elementor-widget-wrap elementor-element-populated\">\n\t\t\t\t\t\t\t\t<div class=\"elementor-element elementor-element-63c39b1 elementor-widget elementor-widget-heading\" data-id=\"63c39b1\" data-element_type=\"widget\" data-widget_type=\"heading.default\">\n\t\t\t\t<div class=\"elementor-widget-container\">\n\t\t\t<style>\/*! elementor - v3.6.2 - 04-04-2022 *\/\n.elementor-heading-title{padding:0;margin:0;line-height:1}.elementor-widget-heading .elementor-heading-title[class*=elementor-size-]>a{color:inherit;font-size:inherit;line-height:inherit}.elementor-widget-heading .elementor-heading-title.elementor-size-small{font-size:15px}.elementor-widget-heading .elementor-heading-title.elementor-size-medium{font-size:19px}.elementor-widget-heading .elementor-heading-title.elementor-size-large{font-size:29px}.elementor-widget-heading .elementor-heading-title.elementor-size-xl{font-size:39px}.elementor-widget-heading .elementor-heading-title.elementor-size-xxl{font-size:59px}<\/style><h6 class=\"elementor-heading-title elementor-size-default\">REQUEST A PROPOSAL<\/h6>\t\t<\/div>\n\t\t\t\t<\/div>\n\t\t\t\t\t<\/div>\n\t\t<\/div>\n\t\t\t\t\t\t\t<\/div>\n\t\t<\/section>\n\t\t\t\t<section class=\"elementor-section elementor-top-section elementor-element elementor-element-4692abd elementor-section-boxed elementor-section-height-default elementor-section-height-default qodef-elementor-content-no\" data-id=\"4692abd\" data-element_type=\"section\">\n\t\t\t\t\t\t<div class=\"elementor-container elementor-column-gap-default\">\n\t\t\t\t\t<div class=\"elementor-column elementor-col-100 elementor-top-column elementor-element elementor-element-f1d1050\" data-id=\"f1d1050\" data-element_type=\"column\">\n\t\t\t<div class=\"elementor-widget-wrap elementor-element-populated\">\n\t\t\t\t\t\t\t\t<div class=\"elementor-element elementor-element-6a90041 elementor-widget elementor-widget-qi_addons_for_elementor_contact_form_7\" data-id=\"6a90041\" data-element_type=\"widget\" data-widget_type=\"qi_addons_for_elementor_contact_form_7.default\">\n\t\t\t\t<div class=\"elementor-widget-container\">\n\t\t\t<div class=\"qodef-shortcode qodef-m  qodef-qi-contact-form-7 \">\n\t\n<div class=\"wpcf7 no-js\" id=\"wpcf7-f15795-o1\" lang=\"tr-TR\" dir=\"ltr\" data-wpcf7-id=\"15795\">\n<div class=\"screen-reader-response\"><p role=\"status\" aria-live=\"polite\" aria-atomic=\"true\"><\/p> <ul><\/ul><\/div>\n<form action=\"\/en\/wp-json\/wp\/v2\/pages\/15789#wpcf7-f15795-o1\" method=\"post\" class=\"wpcf7-form init\" aria-label=\"\u0130leti\u015fim Formu\" novalidate=\"novalidate\" data-status=\"init\">\n<fieldset class=\"hidden-fields-container\"><input type=\"hidden\" name=\"_wpcf7\" value=\"15795\" \/><input type=\"hidden\" name=\"_wpcf7_version\" value=\"6.1.2\" \/><input type=\"hidden\" name=\"_wpcf7_locale\" value=\"tr_TR\" \/><input type=\"hidden\" name=\"_wpcf7_unit_tag\" value=\"wpcf7-f15795-o1\" \/><input type=\"hidden\" name=\"_wpcf7_container_post\" value=\"0\" \/><input type=\"hidden\" name=\"_wpcf7_posted_data_hash\" value=\"\" \/>\n<\/fieldset>\n<div class=\"rfp-form\">\n\n<div class=\"rfp-row\">\n<div class=\"rfp-col\">\n<span class=\"wpcf7-form-control-wrap\" data-name=\"first-name\"><input size=\"40\" maxlength=\"400\" class=\"wpcf7-form-control wpcf7-text wpcf7-validates-as-required\" aria-required=\"true\" aria-invalid=\"false\" placeholder=\"First Name *\" value=\"\" type=\"text\" name=\"first-name\" \/><\/span>\n<\/div>\n<div class=\"rfp-col\">\n<span class=\"wpcf7-form-control-wrap\" data-name=\"last-name\"><input size=\"40\" maxlength=\"400\" class=\"wpcf7-form-control wpcf7-text wpcf7-validates-as-required\" aria-required=\"true\" aria-invalid=\"false\" placeholder=\"Last Name *\" value=\"\" type=\"text\" name=\"last-name\" \/><\/span>\n<\/div>\n<\/div>\n\n<div class=\"rfp-row\">\n<div class=\"rfp-col\">\n<span class=\"wpcf7-form-control-wrap\" data-name=\"phone\"><input size=\"40\" maxlength=\"400\" class=\"wpcf7-form-control wpcf7-tel wpcf7-validates-as-required wpcf7-text wpcf7-validates-as-tel\" aria-required=\"true\" aria-invalid=\"false\" placeholder=\"Phone *\" value=\"\" type=\"tel\" name=\"phone\" \/><\/span>\n<\/div>\n<div class=\"rfp-col\">\n<span class=\"wpcf7-form-control-wrap\" data-name=\"email\"><input size=\"40\" maxlength=\"400\" class=\"wpcf7-form-control wpcf7-email wpcf7-validates-as-required wpcf7-text wpcf7-validates-as-email\" aria-required=\"true\" aria-invalid=\"false\" placeholder=\"Email Address *\" value=\"\" type=\"email\" name=\"email\" \/><\/span>\n<\/div>\n<\/div>\n\n<div class=\"rfp-row\">\n<div class=\"rfp-col\">\n<span class=\"wpcf7-form-control-wrap\" data-name=\"address\"><input size=\"40\" maxlength=\"400\" class=\"wpcf7-form-control wpcf7-text\" aria-invalid=\"false\" placeholder=\"Address\" value=\"\" type=\"text\" name=\"address\" \/><\/span>\n<\/div>\n<div class=\"rfp-col\">\n<span class=\"wpcf7-form-control-wrap\" data-name=\"city\"><input size=\"40\" maxlength=\"400\" class=\"wpcf7-form-control wpcf7-text\" aria-invalid=\"false\" placeholder=\"City\" value=\"\" type=\"text\" name=\"city\" \/><\/span>\n<\/div>\n<\/div>\n\n<div class=\"rfp-row\">\n<div class=\"rfp-col\">\n<span class=\"wpcf7-form-control-wrap\" data-name=\"country\"><input size=\"40\" maxlength=\"400\" class=\"wpcf7-form-control wpcf7-text\" aria-invalid=\"false\" placeholder=\"Country\" value=\"\" type=\"text\" name=\"country\" \/><\/span>\n<\/div>\n<div class=\"rfp-col\">\n<span class=\"wpcf7-form-control-wrap\" data-name=\"postal-code\"><input size=\"40\" maxlength=\"400\" class=\"wpcf7-form-control wpcf7-text\" aria-invalid=\"false\" placeholder=\"Postal Code\" value=\"\" type=\"text\" name=\"postal-code\" \/><\/span>\n<\/div>\n<\/div>\n\n<div class=\"rfp-row\">\n<div class=\"rfp-col\">\n<span class=\"wpcf7-form-control-wrap\" data-name=\"company\"><input size=\"40\" maxlength=\"400\" class=\"wpcf7-form-control wpcf7-text\" aria-invalid=\"false\" placeholder=\"Company Name\" value=\"\" type=\"text\" name=\"company\" \/><\/span>\n<\/div>\n<div class=\"rfp-col\">\n<span class=\"wpcf7-form-control-wrap\" data-name=\"business-type\"><input size=\"40\" maxlength=\"400\" class=\"wpcf7-form-control wpcf7-text\" aria-invalid=\"false\" placeholder=\"Type of Business\" value=\"\" type=\"text\" name=\"business-type\" \/><\/span>\n<\/div>\n<\/div>\n\n<div class=\"rfp-row-full\">\n<span class=\"wpcf7-form-control-wrap\" data-name=\"event-details\"><textarea cols=\"40\" rows=\"10\" maxlength=\"2000\" class=\"wpcf7-form-control wpcf7-textarea wpcf7-validates-as-required\" aria-required=\"true\" aria-invalid=\"false\" placeholder=\"RFP Event Details\" name=\"event-details\"><\/textarea><\/span>\n<\/div>\n\n<div class=\"rfp-row\">\n<div class=\"rfp-col\">\n<label>Flexible Dates<\/label><br>\n<span class=\"wpcf7-form-control-wrap\" data-name=\"meal-requirements\"><span class=\"wpcf7-form-control wpcf7-checkbox\"><span class=\"wpcf7-list-item first\"><label><input type=\"checkbox\" name=\"meal-requirements[]\" value=\"Yes\" \/><span class=\"wpcf7-list-item-label\">Yes<\/span><\/label><\/span><span class=\"wpcf7-list-item last\"><label><input type=\"checkbox\" name=\"meal-requirements[]\" value=\"No\" \/><span class=\"wpcf7-list-item-label\">No<\/span><\/label><\/span><\/span><\/span>\n<\/div>\n<div class=\"rfp-col\">\n<span class=\"wpcf7-form-control-wrap\" data-name=\"event-type\"><select class=\"wpcf7-form-control wpcf7-select wpcf7-validates-as-required\" aria-required=\"true\" aria-invalid=\"false\" name=\"event-type\"><option value=\"Please select an option\">Please select an option<\/option><option value=\"Business Meeting\">Business Meeting<\/option><option value=\"Conference\">Conference<\/option><option value=\"Wedding\">Wedding<\/option><\/select><\/span>\n<\/div>\n<\/div>\n\n<div class=\"rfp-row\">\n<div class=\"rfp-col\">\n<span class=\"wpcf7-form-control-wrap\" data-name=\"rooms\"><input size=\"40\" maxlength=\"400\" class=\"wpcf7-form-control wpcf7-text\" aria-invalid=\"false\" placeholder=\"Number of Rooms\" value=\"\" type=\"text\" name=\"rooms\" \/><\/span>\n<\/div>\n<div class=\"rfp-col\">\n<span class=\"wpcf7-form-control-wrap\" data-name=\"guests\"><input size=\"40\" maxlength=\"400\" class=\"wpcf7-form-control wpcf7-text\" aria-invalid=\"false\" placeholder=\"Number of Guests\" value=\"\" type=\"text\" name=\"guests\" \/><\/span>\n<\/div>\n<\/div>\n\n<div class=\"rfp-row-full\">\n<label>Catering Requirements<\/label><br>\n<span class=\"wpcf7-form-control-wrap\" data-name=\"meal-requirements\"><span class=\"wpcf7-form-control wpcf7-checkbox\"><span class=\"wpcf7-list-item first\"><label><input type=\"checkbox\" name=\"meal-requirements[]\" value=\"Breakfast\" \/><span class=\"wpcf7-list-item-label\">Breakfast<\/span><\/label><\/span><span class=\"wpcf7-list-item\"><label><input type=\"checkbox\" name=\"meal-requirements[]\" value=\"Lunch\" \/><span class=\"wpcf7-list-item-label\">Lunch<\/span><\/label><\/span><span class=\"wpcf7-list-item last\"><label><input type=\"checkbox\" name=\"meal-requirements[]\" value=\"Dinner\" \/><span class=\"wpcf7-list-item-label\">Dinner<\/span><\/label><\/span><\/span><\/span>\n<\/div>\n\n<div class=\"rfp-row-full\">\n<span class=\"wpcf7-form-control-wrap\" data-name=\"previous-meetings\"><textarea cols=\"40\" rows=\"10\" maxlength=\"2000\" class=\"wpcf7-form-control wpcf7-textarea\" aria-invalid=\"false\" placeholder=\"History of Previous Meetings\" name=\"previous-meetings\"><\/textarea><\/span>\n<\/div>\n\n<div class=\"rfp-row-full\">\n<span class=\"wpcf7-form-control-wrap\" data-name=\"other-requirements\"><textarea cols=\"40\" rows=\"10\" maxlength=\"2000\" class=\"wpcf7-form-control wpcf7-textarea\" aria-invalid=\"false\" placeholder=\"Other Requirements\" name=\"other-requirements\"><\/textarea><\/span>\n<\/div>\n\n<div class=\"rfp-row-full\">\n<span class=\"wpcf7-form-control-wrap\" data-name=\"kvkk-consent\"><span class=\"wpcf7-form-control wpcf7-acceptance\"><span class=\"wpcf7-list-item\"><label><input type=\"checkbox\" name=\"kvkk-consent\" value=\"1\" aria-invalid=\"false\" \/><span class=\"wpcf7-list-item-label\">I consent to the processing of my personal data in accordance with the applicable data protection legislation.<\/span><\/label><\/span><\/span><\/span>\n<\/div>\n\n<div class=\"rfp-row-full\">\n<button class=\"wpcf7-form-control wpcf7-submit qodef-button qodef-size--normal qodef-type--outlined qodef-m\" type=\"submit\"><span class=\"qodef-m-text\">Submit<\/span><\/button>\n<\/div>\n\n<\/div><div class=\"wpcf7-response-output\" aria-hidden=\"true\"><\/div>\n<\/form>\n<\/div>\n<\/div>\n\t\t<\/div>\n\t\t\t\t<\/div>\n\t\t\t\t\t<\/div>\n\t\t<\/div>\n\t\t\t\t\t\t\t<\/div>\n\t\t<\/section>\n\t\t\t\t\t\t\t<\/div>\n\t\t","protected":false},"excerpt":{"rendered":"<p>REQUEST A PROPOSAL Flexible Dates [radio* flexible-date use_label_element &#8220;Yes&#8221; &#8220;No&#8221;] &#8212;L\u00fctfen bir se\u00e7enek se\u00e7in&#8212;Business MeetingConferenceWedding Catering Requirements BreakfastLunchDinner I consent to the processing of my personal data in accordance with the applicable data protection legislation. Submit<\/p>\n","protected":false},"author":1,"featured_media":0,"parent":0,"menu_order":0,"comment_status":"closed","ping_status":"closed","template":"","meta":{"footnotes":""},"folder":[],"class_list":["post-15789","page","type-page","status-publish","hentry"],"_links":{"self":[{"href":"http:\/\/www.gch.com.tr\/en\/wp-json\/wp\/v2\/pages\/15789","targetHints":{"allow":["GET"]}}],"collection":[{"href":"http:\/\/www.gch.com.tr\/en\/wp-json\/wp\/v2\/pages"}],"about":[{"href":"http:\/\/www.gch.com.tr\/en\/wp-json\/wp\/v2\/types\/page"}],"author":[{"embeddable":true,"href":"http:\/\/www.gch.com.tr\/en\/wp-json\/wp\/v2\/users\/1"}],"replies":[{"embeddable":true,"href":"http:\/\/www.gch.com.tr\/en\/wp-json\/wp\/v2\/comments?post=15789"}],"version-history":[{"count":8,"href":"http:\/\/www.gch.com.tr\/en\/wp-json\/wp\/v2\/pages\/15789\/revisions"}],"predecessor-version":[{"id":16028,"href":"http:\/\/www.gch.com.tr\/en\/wp-json\/wp\/v2\/pages\/15789\/revisions\/16028"}],"wp:attachment":[{"href":"http:\/\/www.gch.com.tr\/en\/wp-json\/wp\/v2\/media?parent=15789"}],"wp:term":[{"taxonomy":"folder","embeddable":true,"href":"http:\/\/www.gch.com.tr\/en\/wp-json\/wp\/v2\/folder?post=15789"}],"curies":[{"name":"wp","href":"https:\/\/api.w.org\/{rel}","templated":true}]}}