{"id":16144,"date":"2026-01-14T10:20:53","date_gmt":"2026-01-14T07:20:53","guid":{"rendered":"http:\/\/www.gch.com.tr\/kvkk-policy\/"},"modified":"2026-01-19T10:35:22","modified_gmt":"2026-01-19T07:35:22","slug":"kvkk-policy","status":"publish","type":"page","link":"http:\/\/www.gch.com.tr\/en\/kvkk-policy\/","title":{"rendered":"KVKK Policy"},"content":{"rendered":"\t\t<div data-elementor-type=\"wp-page\" data-elementor-id=\"16144\" class=\"elementor elementor-16144 elementor-15577\">\n\t\t\t\t\t\t\t\t\t<section class=\"elementor-section elementor-top-section elementor-element elementor-element-bbc5216 elementor-section-boxed elementor-section-height-default elementor-section-height-default qodef-elementor-content-no\" data-id=\"bbc5216\" data-element_type=\"section\">\n\t\t\t\t\t\t<div class=\"elementor-container elementor-column-gap-default\">\n\t\t\t\t\t<div class=\"elementor-column elementor-col-100 elementor-top-column elementor-element elementor-element-5bfa277\" data-id=\"5bfa277\" data-element_type=\"column\">\n\t\t\t<div class=\"elementor-widget-wrap elementor-element-populated\">\n\t\t\t\t\t\t\t\t<div class=\"elementor-element elementor-element-7db721f elementor-widget__width-auto elementor-widget elementor-widget-augustine_core_button\" data-id=\"7db721f\" data-element_type=\"widget\" data-widget_type=\"augustine_core_button.default\">\n\t\t\t\t<div class=\"elementor-widget-container\">\n\t\t\t<a class=\"qodef-shortcode qodef-m  qodef-button qodef-layout--filled  qodef-html--link \" href=\"http:\/\/www.gch.com.tr\/wp-content\/uploads\/2025\/12\/Kvkk-Metni.pdf\" target=\"_blank\"  style=\"background-color: #353535\">\n\t<span class=\"qodef-m-text\">FOR THE KVKK APPLICATION FORM, PLEASE CLICK ON THE PDF LINK.<\/span>\n<\/a>\t\t<\/div>\n\t\t\t\t<\/div>\n\t\t\t\t<div class=\"elementor-element elementor-element-da187e6 elementor-widget__width-auto elementor-widget elementor-widget-augustine_core_button\" data-id=\"da187e6\" data-element_type=\"widget\" data-widget_type=\"augustine_core_button.default\">\n\t\t\t\t<div class=\"elementor-widget-container\">\n\t\t\t<a class=\"qodef-shortcode qodef-m  qodef-button qodef-layout--filled  qodef-html--link \" href=\"http:\/\/www.gch.com.tr\/wp-content\/uploads\/2025\/12\/GRAND-CEVAHIR-KVKK-METNI.pdf\" target=\"_self\"  style=\"background-color: #353535\">\n\t<span class=\"qodef-m-text\">FOR THE KVKK APPLICATION FORM, PLEASE CLICK ON THE PDF LINK.(WORKER)<\/span>\n<\/a>\t\t<\/div>\n\t\t\t\t<\/div>\n\t\t\t\t<div class=\"elementor-element elementor-element-752bd65 elementor-widget elementor-widget-image\" data-id=\"752bd65\" data-element_type=\"widget\" data-widget_type=\"image.default\">\n\t\t\t\t<div class=\"elementor-widget-container\">\n\t\t\t<style>\/*! elementor - v3.6.2 - 04-04-2022 *\/\n.elementor-widget-image{text-align:center}.elementor-widget-image a{display:inline-block}.elementor-widget-image a img[src$=\".svg\"]{width:48px}.elementor-widget-image img{vertical-align:middle;display:inline-block}<\/style>\t\t\t\t\t\t\t\t\t\t\t\t<img loading=\"lazy\" decoding=\"async\" width=\"550\" height=\"800\" src=\"http:\/\/www.gch.com.tr\/wp-content\/uploads\/2026\/01\/file-14.jpg\" class=\"attachment-large size-large\" alt=\"\" srcset=\"http:\/\/www.gch.com.tr\/wp-content\/uploads\/2026\/01\/file-14.jpg 550w, http:\/\/www.gch.com.tr\/wp-content\/uploads\/2026\/01\/file-14-206x300.jpg 206w\" sizes=\"auto, (max-width: 550px) 100vw, 550px\" \/>\t\t\t\t\t\t\t\t\t\t\t\t\t\t\t<\/div>\n\t\t\t\t<\/div>\n\t\t\t\t<div class=\"elementor-element elementor-element-c82081e elementor-widget elementor-widget-image\" data-id=\"c82081e\" data-element_type=\"widget\" data-widget_type=\"image.default\">\n\t\t\t\t<div class=\"elementor-widget-container\">\n\t\t\t\t\t\t\t\t\t\t\t\t\t\t\t<img loading=\"lazy\" decoding=\"async\" width=\"532\" height=\"800\" src=\"http:\/\/www.gch.com.tr\/wp-content\/uploads\/2026\/01\/file-15.jpg\" class=\"attachment-large size-large\" alt=\"\" srcset=\"http:\/\/www.gch.com.tr\/wp-content\/uploads\/2026\/01\/file-15.jpg 532w, http:\/\/www.gch.com.tr\/wp-content\/uploads\/2026\/01\/file-15-200x300.jpg 200w\" sizes=\"auto, (max-width: 532px) 100vw, 532px\" \/>\t\t\t\t\t\t\t\t\t\t\t\t\t\t\t<\/div>\n\t\t\t\t<\/div>\n\t\t\t\t<div class=\"elementor-element elementor-element-aedb4f4 elementor-widget elementor-widget-image\" data-id=\"aedb4f4\" data-element_type=\"widget\" data-widget_type=\"image.default\">\n\t\t\t\t<div class=\"elementor-widget-container\">\n\t\t\t\t\t\t\t\t\t\t\t\t\t\t\t<img loading=\"lazy\" decoding=\"async\" width=\"579\" height=\"800\" src=\"http:\/\/www.gch.com.tr\/wp-content\/uploads\/2026\/01\/file-16.jpg\" class=\"attachment-large size-large\" alt=\"\" srcset=\"http:\/\/www.gch.com.tr\/wp-content\/uploads\/2026\/01\/file-16.jpg 579w, http:\/\/www.gch.com.tr\/wp-content\/uploads\/2026\/01\/file-16-217x300.jpg 217w\" sizes=\"auto, (max-width: 579px) 100vw, 579px\" \/>\t\t\t\t\t\t\t\t\t\t\t\t\t\t\t<\/div>\n\t\t\t\t<\/div>\n\t\t\t\t<div class=\"elementor-element elementor-element-70dc8d3 elementor-widget elementor-widget-image\" data-id=\"70dc8d3\" data-element_type=\"widget\" data-widget_type=\"image.default\">\n\t\t\t\t<div class=\"elementor-widget-container\">\n\t\t\t\t\t\t\t\t\t\t\t\t\t\t\t<img loading=\"lazy\" decoding=\"async\" width=\"565\" height=\"800\" src=\"http:\/\/www.gch.com.tr\/wp-content\/uploads\/2026\/01\/file-17.jpg\" class=\"attachment-large size-large\" alt=\"\" srcset=\"http:\/\/www.gch.com.tr\/wp-content\/uploads\/2026\/01\/file-17.jpg 565w, http:\/\/www.gch.com.tr\/wp-content\/uploads\/2026\/01\/file-17-212x300.jpg 212w\" sizes=\"auto, (max-width: 565px) 100vw, 565px\" \/>\t\t\t\t\t\t\t\t\t\t\t\t\t\t\t<\/div>\n\t\t\t\t<\/div>\n\t\t\t\t<div class=\"elementor-element elementor-element-e2ce176 elementor-widget elementor-widget-image\" data-id=\"e2ce176\" data-element_type=\"widget\" data-widget_type=\"image.default\">\n\t\t\t\t<div class=\"elementor-widget-container\">\n\t\t\t\t\t\t\t\t\t\t\t\t\t\t\t<img loading=\"lazy\" decoding=\"async\" width=\"573\" height=\"800\" src=\"http:\/\/www.gch.com.tr\/wp-content\/uploads\/2026\/01\/file-18.jpg\" class=\"attachment-large size-large\" alt=\"\" srcset=\"http:\/\/www.gch.com.tr\/wp-content\/uploads\/2026\/01\/file-18.jpg 573w, http:\/\/www.gch.com.tr\/wp-content\/uploads\/2026\/01\/file-18-215x300.jpg 215w\" sizes=\"auto, (max-width: 573px) 100vw, 573px\" \/>\t\t\t\t\t\t\t\t\t\t\t\t\t\t\t<\/div>\n\t\t\t\t<\/div>\n\t\t\t\t<div class=\"elementor-element elementor-element-d5fe7db elementor-widget elementor-widget-image\" data-id=\"d5fe7db\" data-element_type=\"widget\" data-widget_type=\"image.default\">\n\t\t\t\t<div class=\"elementor-widget-container\">\n\t\t\t\t\t\t\t\t\t\t\t\t\t\t\t<img loading=\"lazy\" decoding=\"async\" width=\"546\" height=\"800\" src=\"http:\/\/www.gch.com.tr\/wp-content\/uploads\/2026\/01\/file-19.jpg\" class=\"attachment-large size-large\" alt=\"\" srcset=\"http:\/\/www.gch.com.tr\/wp-content\/uploads\/2026\/01\/file-19.jpg 546w, http:\/\/www.gch.com.tr\/wp-content\/uploads\/2026\/01\/file-19-205x300.jpg 205w\" sizes=\"auto, (max-width: 546px) 100vw, 546px\" \/>\t\t\t\t\t\t\t\t\t\t\t\t\t\t\t<\/div>\n\t\t\t\t<\/div>\n\t\t\t\t<div class=\"elementor-element elementor-element-7b449b1 elementor-widget elementor-widget-image\" data-id=\"7b449b1\" data-element_type=\"widget\" data-widget_type=\"image.default\">\n\t\t\t\t<div class=\"elementor-widget-container\">\n\t\t\t\t\t\t\t\t\t\t\t\t\t\t\t<img loading=\"lazy\" decoding=\"async\" width=\"543\" height=\"800\" src=\"http:\/\/www.gch.com.tr\/wp-content\/uploads\/2026\/01\/file-20.jpg\" class=\"attachment-large size-large\" alt=\"\" srcset=\"http:\/\/www.gch.com.tr\/wp-content\/uploads\/2026\/01\/file-20.jpg 543w, http:\/\/www.gch.com.tr\/wp-content\/uploads\/2026\/01\/file-20-204x300.jpg 204w\" sizes=\"auto, (max-width: 543px) 100vw, 543px\" \/>\t\t\t\t\t\t\t\t\t\t\t\t\t\t\t<\/div>\n\t\t\t\t<\/div>\n\t\t\t\t<div class=\"elementor-element elementor-element-fa0cbe5 elementor-widget elementor-widget-image\" data-id=\"fa0cbe5\" data-element_type=\"widget\" data-widget_type=\"image.default\">\n\t\t\t\t<div class=\"elementor-widget-container\">\n\t\t\t\t\t\t\t\t\t\t\t\t\t\t\t<img loading=\"lazy\" decoding=\"async\" width=\"561\" height=\"800\" src=\"http:\/\/www.gch.com.tr\/wp-content\/uploads\/2026\/01\/file-21.jpg\" class=\"attachment-large size-large\" alt=\"\" srcset=\"http:\/\/www.gch.com.tr\/wp-content\/uploads\/2026\/01\/file-21.jpg 561w, http:\/\/www.gch.com.tr\/wp-content\/uploads\/2026\/01\/file-21-210x300.jpg 210w\" sizes=\"auto, (max-width: 561px) 100vw, 561px\" \/>\t\t\t\t\t\t\t\t\t\t\t\t\t\t\t<\/div>\n\t\t\t\t<\/div>\n\t\t\t\t<div class=\"elementor-element elementor-element-e42d119 elementor-widget elementor-widget-image\" data-id=\"e42d119\" data-element_type=\"widget\" data-widget_type=\"image.default\">\n\t\t\t\t<div class=\"elementor-widget-container\">\n\t\t\t\t\t\t\t\t\t\t\t\t\t\t\t<img loading=\"lazy\" decoding=\"async\" width=\"561\" height=\"57\" src=\"http:\/\/www.gch.com.tr\/wp-content\/uploads\/2026\/01\/file-22.jpg\" class=\"attachment-large size-large\" alt=\"\" srcset=\"http:\/\/www.gch.com.tr\/wp-content\/uploads\/2026\/01\/file-22.jpg 561w, http:\/\/www.gch.com.tr\/wp-content\/uploads\/2026\/01\/file-22-300x30.jpg 300w\" sizes=\"auto, (max-width: 561px) 100vw, 561px\" \/>\t\t\t\t\t\t\t\t\t\t\t\t\t\t\t<\/div>\n\t\t\t\t<\/div>\n\t\t\t\t\t<\/div>\n\t\t<\/div>\n\t\t\t\t\t\t\t<\/div>\n\t\t<\/section>\n\t\t\t\t<section class=\"elementor-section elementor-top-section elementor-element elementor-element-3604049 elementor-section-boxed elementor-section-height-default elementor-section-height-default qodef-elementor-content-no\" data-id=\"3604049\" data-element_type=\"section\" data-settings=\"{&quot;background_background&quot;:&quot;classic&quot;}\">\n\t\t\t\t\t\t<div class=\"elementor-container elementor-column-gap-default\">\n\t\t\t\t\t<div class=\"elementor-column elementor-col-16 elementor-top-column elementor-element elementor-element-d407e0d\" data-id=\"d407e0d\" data-element_type=\"column\">\n\t\t\t<div class=\"elementor-widget-wrap\">\n\t\t\t\t\t\t\t\t\t<\/div>\n\t\t<\/div>\n\t\t\t\t<div class=\"elementor-column elementor-col-16 elementor-top-column elementor-element elementor-element-156167e\" data-id=\"156167e\" data-element_type=\"column\">\n\t\t\t<div class=\"elementor-widget-wrap elementor-element-populated\">\n\t\t\t\t\t\t\t\t<div class=\"elementor-element elementor-element-b03328e elementor-widget elementor-widget-image\" data-id=\"b03328e\" data-element_type=\"widget\" data-widget_type=\"image.default\">\n\t\t\t\t<div class=\"elementor-widget-container\">\n\t\t\t\t\t\t\t\t\t\t\t\t\t\t\t\t<a href=\"http:\/\/www.gch.com.tr\/\">\n\t\t\t\t\t\t\t<img loading=\"lazy\" decoding=\"async\" width=\"768\" height=\"406\" src=\"http:\/\/www.gch.com.tr\/wp-content\/uploads\/2025\/12\/Grand-Cevahir-Hotel-Logo-Beyaz-01-768x406.png\" class=\"attachment-medium_large size-medium_large\" alt=\"\" srcset=\"http:\/\/www.gch.com.tr\/wp-content\/uploads\/2025\/12\/Grand-Cevahir-Hotel-Logo-Beyaz-01-768x406.png 768w, http:\/\/www.gch.com.tr\/wp-content\/uploads\/2025\/12\/Grand-Cevahir-Hotel-Logo-Beyaz-01-300x159.png 300w, http:\/\/www.gch.com.tr\/wp-content\/uploads\/2025\/12\/Grand-Cevahir-Hotel-Logo-Beyaz-01-1024x542.png 1024w, http:\/\/www.gch.com.tr\/wp-content\/uploads\/2025\/12\/Grand-Cevahir-Hotel-Logo-Beyaz-01.png 1172w\" sizes=\"auto, (max-width: 768px) 100vw, 768px\" \/>\t\t\t\t\t\t\t\t<\/a>\n\t\t\t\t\t\t\t\t\t\t\t\t\t\t\t<\/div>\n\t\t\t\t<\/div>\n\t\t\t\t\t<\/div>\n\t\t<\/div>\n\t\t\t\t<div class=\"elementor-column elementor-col-16 elementor-top-column elementor-element elementor-element-388fe73\" data-id=\"388fe73\" data-element_type=\"column\">\n\t\t\t<div class=\"elementor-widget-wrap elementor-element-populated\">\n\t\t\t\t\t\t\t\t<div class=\"elementor-element elementor-element-fe42e0e elementor-widget__width-auto elementor-widget elementor-widget-text-editor\" data-id=\"fe42e0e\" data-element_type=\"widget\" data-widget_type=\"text-editor.default\">\n\t\t\t\t<div class=\"elementor-widget-container\">\n\t\t\t<style>\/*! elementor - v3.6.2 - 04-04-2022 *\/\n.elementor-widget-text-editor.elementor-drop-cap-view-stacked .elementor-drop-cap{background-color:#818a91;color:#fff}.elementor-widget-text-editor.elementor-drop-cap-view-framed .elementor-drop-cap{color:#818a91;border:3px solid;background-color:transparent}.elementor-widget-text-editor:not(.elementor-drop-cap-view-default) .elementor-drop-cap{margin-top:8px}.elementor-widget-text-editor:not(.elementor-drop-cap-view-default) .elementor-drop-cap-letter{width:1em;height:1em}.elementor-widget-text-editor .elementor-drop-cap{float:left;text-align:center;line-height:1;font-size:50px}.elementor-widget-text-editor .elementor-drop-cap-letter{display:inline-block}<\/style>\t\t\t\t<p>+90 212 314 42 42<br \/>info@gch.com.tr \u200b<\/p>\t\t\t\t\t\t<\/div>\n\t\t\t\t<\/div>\n\t\t\t\t<div class=\"elementor-element elementor-element-88354a9 elementor-shape-circle elementor-grid-3 e-grid-align-left elementor-widget elementor-widget-social-icons\" data-id=\"88354a9\" data-element_type=\"widget\" data-widget_type=\"social-icons.default\">\n\t\t\t\t<div class=\"elementor-widget-container\">\n\t\t\t<style>\/*! elementor - v3.6.2 - 04-04-2022 *\/\n.elementor-widget-social-icons.elementor-grid-0 .elementor-widget-container,.elementor-widget-social-icons.elementor-grid-mobile-0 .elementor-widget-container,.elementor-widget-social-icons.elementor-grid-tablet-0 .elementor-widget-container{line-height:1;font-size:0}.elementor-widget-social-icons:not(.elementor-grid-0):not(.elementor-grid-tablet-0):not(.elementor-grid-mobile-0) .elementor-grid{display:inline-grid}.elementor-widget-social-icons .elementor-grid{grid-column-gap:var(--grid-column-gap,5px);grid-row-gap:var(--grid-row-gap,5px);grid-template-columns:var(--grid-template-columns);-webkit-box-pack:var(--justify-content,center);-ms-flex-pack:var(--justify-content,center);justify-content:var(--justify-content,center);justify-items:var(--justify-content,center)}.elementor-icon.elementor-social-icon{font-size:var(--icon-size,25px);line-height:var(--icon-size,25px);width:calc(var(--icon-size, 25px) + (2 * var(--icon-padding, .5em)));height:calc(var(--icon-size, 25px) + (2 * var(--icon-padding, .5em)))}.elementor-social-icon{--e-social-icon-icon-color:#fff;display:-webkit-inline-box;display:-ms-inline-flexbox;display:inline-flex;background-color:#818a91;-webkit-box-align:center;-ms-flex-align:center;align-items:center;-webkit-box-pack:center;-ms-flex-pack:center;justify-content:center;text-align:center;cursor:pointer}.elementor-social-icon i{color:var(--e-social-icon-icon-color)}.elementor-social-icon svg{fill:var(--e-social-icon-icon-color)}.elementor-social-icon:last-child{margin:0}.elementor-social-icon:hover{opacity:.9;color:#fff}.elementor-social-icon-android{background-color:#a4c639}.elementor-social-icon-apple{background-color:#999}.elementor-social-icon-behance{background-color:#1769ff}.elementor-social-icon-bitbucket{background-color:#205081}.elementor-social-icon-codepen{background-color:#000}.elementor-social-icon-delicious{background-color:#39f}.elementor-social-icon-deviantart{background-color:#05cc47}.elementor-social-icon-digg{background-color:#005be2}.elementor-social-icon-dribbble{background-color:#ea4c89}.elementor-social-icon-elementor{background-color:#d30c5c}.elementor-social-icon-envelope{background-color:#ea4335}.elementor-social-icon-facebook,.elementor-social-icon-facebook-f{background-color:#3b5998}.elementor-social-icon-flickr{background-color:#0063dc}.elementor-social-icon-foursquare{background-color:#2d5be3}.elementor-social-icon-free-code-camp,.elementor-social-icon-freecodecamp{background-color:#006400}.elementor-social-icon-github{background-color:#333}.elementor-social-icon-gitlab{background-color:#e24329}.elementor-social-icon-globe{background-color:#818a91}.elementor-social-icon-google-plus,.elementor-social-icon-google-plus-g{background-color:#dd4b39}.elementor-social-icon-houzz{background-color:#7ac142}.elementor-social-icon-instagram{background-color:#262626}.elementor-social-icon-jsfiddle{background-color:#487aa2}.elementor-social-icon-link{background-color:#818a91}.elementor-social-icon-linkedin,.elementor-social-icon-linkedin-in{background-color:#0077b5}.elementor-social-icon-medium{background-color:#00ab6b}.elementor-social-icon-meetup{background-color:#ec1c40}.elementor-social-icon-mixcloud{background-color:#273a4b}.elementor-social-icon-odnoklassniki{background-color:#f4731c}.elementor-social-icon-pinterest{background-color:#bd081c}.elementor-social-icon-product-hunt{background-color:#da552f}.elementor-social-icon-reddit{background-color:#ff4500}.elementor-social-icon-rss{background-color:#f26522}.elementor-social-icon-shopping-cart{background-color:#4caf50}.elementor-social-icon-skype{background-color:#00aff0}.elementor-social-icon-slideshare{background-color:#0077b5}.elementor-social-icon-snapchat{background-color:#fffc00}.elementor-social-icon-soundcloud{background-color:#f80}.elementor-social-icon-spotify{background-color:#2ebd59}.elementor-social-icon-stack-overflow{background-color:#fe7a15}.elementor-social-icon-steam{background-color:#00adee}.elementor-social-icon-stumbleupon{background-color:#eb4924}.elementor-social-icon-telegram{background-color:#2ca5e0}.elementor-social-icon-thumb-tack{background-color:#1aa1d8}.elementor-social-icon-tripadvisor{background-color:#589442}.elementor-social-icon-tumblr{background-color:#35465c}.elementor-social-icon-twitch{background-color:#6441a5}.elementor-social-icon-twitter{background-color:#1da1f2}.elementor-social-icon-viber{background-color:#665cac}.elementor-social-icon-vimeo{background-color:#1ab7ea}.elementor-social-icon-vk{background-color:#45668e}.elementor-social-icon-weibo{background-color:#dd2430}.elementor-social-icon-weixin{background-color:#31a918}.elementor-social-icon-whatsapp{background-color:#25d366}.elementor-social-icon-wordpress{background-color:#21759b}.elementor-social-icon-xing{background-color:#026466}.elementor-social-icon-yelp{background-color:#af0606}.elementor-social-icon-youtube{background-color:#cd201f}.elementor-social-icon-500px{background-color:#0099e5}.elementor-shape-rounded .elementor-icon.elementor-social-icon{border-radius:10%}.elementor-shape-circle .elementor-icon.elementor-social-icon{border-radius:50%}<\/style>\t\t<div class=\"elementor-social-icons-wrapper elementor-grid\">\n\t\t\t\t\t\t\t<span class=\"elementor-grid-item\">\n\t\t\t\t\t<a class=\"elementor-icon elementor-social-icon elementor-social-icon-instagram elementor-animation-pulse elementor-repeater-item-0b47762\" href=\"https:\/\/www.instagram.com\/grandcevahirhotel\/\" target=\"_blank\">\n\t\t\t\t\t\t<span class=\"elementor-screen-only\">Instagram<\/span>\n\t\t\t\t\t\t<i class=\"fab fa-instagram\"><\/i>\t\t\t\t\t<\/a>\n\t\t\t\t<\/span>\n\t\t\t\t\t\t\t<span class=\"elementor-grid-item\">\n\t\t\t\t\t<a class=\"elementor-icon elementor-social-icon elementor-social-icon-facebook elementor-animation-pulse elementor-repeater-item-d006ae6\" href=\"https:\/\/www.facebook.com\/GrandCevahir\/?locale=tr_TR\" target=\"_blank\">\n\t\t\t\t\t\t<span class=\"elementor-screen-only\">Facebook<\/span>\n\t\t\t\t\t\t<i class=\"fab fa-facebook\"><\/i>\t\t\t\t\t<\/a>\n\t\t\t\t<\/span>\n\t\t\t\t\t\t\t<span class=\"elementor-grid-item\">\n\t\t\t\t\t<a class=\"elementor-icon elementor-social-icon elementor-social-icon-linkedin elementor-animation-pulse elementor-repeater-item-ce37b70\" href=\"https:\/\/tr.linkedin.com\/company\/grand-cevahir-hotel-&#038;-kongre-merkezi\" target=\"_blank\">\n\t\t\t\t\t\t<span class=\"elementor-screen-only\">Linkedin<\/span>\n\t\t\t\t\t\t<i class=\"fab fa-linkedin\"><\/i>\t\t\t\t\t<\/a>\n\t\t\t\t<\/span>\n\t\t\t\t\t<\/div>\n\t\t\t\t<\/div>\n\t\t\t\t<\/div>\n\t\t\t\t\t<\/div>\n\t\t<\/div>\n\t\t\t\t<div class=\"elementor-column elementor-col-16 elementor-top-column elementor-element elementor-element-e96e273\" data-id=\"e96e273\" data-element_type=\"column\">\n\t\t\t<div class=\"elementor-widget-wrap elementor-element-populated\">\n\t\t\t\t\t\t\t\t<div class=\"elementor-element elementor-element-2cd0cc9 elementor-widget__width-auto elementor-widget elementor-widget-text-editor\" data-id=\"2cd0cc9\" data-element_type=\"widget\" data-widget_type=\"text-editor.default\">\n\t\t\t\t<div class=\"elementor-widget-container\">\n\t\t\t\t\t\t\t<p><a style=\"color: #ffffff;\" href=\"https:\/\/maps.app.goo.gl\/uMRjqeZdMnDgm2Db8\">Halide Edip Ad\u0131var Neighborhood<br data-start=\"31\" data-end=\"34\" \/>Dar\u00fclaceze Street No. 5<br data-start=\"57\" data-end=\"60\" \/>\u015ei\u015fli, Istanbul, Turkey<\/a><\/p>\t\t\t\t\t\t<\/div>\n\t\t\t\t<\/div>\n\t\t\t\t\t<\/div>\n\t\t<\/div>\n\t\t\t\t<div class=\"elementor-column elementor-col-16 elementor-top-column elementor-element elementor-element-6250ab4\" data-id=\"6250ab4\" data-element_type=\"column\">\n\t\t\t<div class=\"elementor-widget-wrap elementor-element-populated\">\n\t\t\t\t\t\t\t\t<div class=\"elementor-element elementor-element-fb77856 elementor-widget__width-auto elementor-widget elementor-widget-text-editor\" data-id=\"fb77856\" data-element_type=\"widget\" data-widget_type=\"text-editor.default\">\n\t\t\t\t<div class=\"elementor-widget-container\">\n\t\t\t\t\t\t\t<p><a style=\"color: #ffffff;\" href=\"http:\/\/www.gch.com.tr\/privacy-policy\/\" target=\"_blank\" rel=\"noopener\">Privacy Policy<\/a><br \/><a style=\"color: #ffffff;\" href=\"http:\/\/www.gch.com.tr\/sustainable-tourism-information\/\" target=\"_blank\" rel=\"noopener\">Sustainability Reporting<\/a><br \/><a style=\"color: #ffffff;\" href=\"http:\/\/www.gch.com.tr\/kvkk-policy\/?preview_id=15577&amp;preview_nonce=64e6c69157&amp;preview=true\" target=\"_blank\" rel=\"noopener\">KVKk Policy<\/a><\/p>\t\t\t\t\t\t<\/div>\n\t\t\t\t<\/div>\n\t\t\t\t\t<\/div>\n\t\t<\/div>\n\t\t\t\t<div class=\"elementor-column elementor-col-16 elementor-top-column elementor-element elementor-element-4c5757a\" data-id=\"4c5757a\" data-element_type=\"column\">\n\t\t\t<div class=\"elementor-widget-wrap\">\n\t\t\t\t\t\t\t\t\t<\/div>\n\t\t<\/div>\n\t\t\t\t\t\t\t<\/div>\n\t\t<\/section>\n\t\t\t\t\t\t\t<\/div>\n\t\t","protected":false},"excerpt":{"rendered":"<p>FOR THE KVKK APPLICATION FORM, PLEASE CLICK ON THE PDF LINK. FOR THE KVKK APPLICATION FORM, PLEASE CLICK ON THE PDF LINK.(WORKER) +90 212 314 42 42info@gch.com.tr \u200b Instagram Facebook Linkedin Halide Edip Ad\u0131var NeighborhoodDar\u00fclaceze Street No. 5\u015ei\u015fli, Istanbul, Turkey Privacy PolicySustainability ReportingKVKk Policy<\/p>\n","protected":false},"author":1,"featured_media":0,"parent":0,"menu_order":0,"comment_status":"closed","ping_status":"closed","template":"","meta":{"footnotes":""},"folder":[],"class_list":["post-16144","page","type-page","status-publish","hentry"],"_links":{"self":[{"href":"http:\/\/www.gch.com.tr\/en\/wp-json\/wp\/v2\/pages\/16144","targetHints":{"allow":["GET"]}}],"collection":[{"href":"http:\/\/www.gch.com.tr\/en\/wp-json\/wp\/v2\/pages"}],"about":[{"href":"http:\/\/www.gch.com.tr\/en\/wp-json\/wp\/v2\/types\/page"}],"author":[{"embeddable":true,"href":"http:\/\/www.gch.com.tr\/en\/wp-json\/wp\/v2\/users\/1"}],"replies":[{"embeddable":true,"href":"http:\/\/www.gch.com.tr\/en\/wp-json\/wp\/v2\/comments?post=16144"}],"version-history":[{"count":4,"href":"http:\/\/www.gch.com.tr\/en\/wp-json\/wp\/v2\/pages\/16144\/revisions"}],"predecessor-version":[{"id":16157,"href":"http:\/\/www.gch.com.tr\/en\/wp-json\/wp\/v2\/pages\/16144\/revisions\/16157"}],"wp:attachment":[{"href":"http:\/\/www.gch.com.tr\/en\/wp-json\/wp\/v2\/media?parent=16144"}],"wp:term":[{"taxonomy":"folder","embeddable":true,"href":"http:\/\/www.gch.com.tr\/en\/wp-json\/wp\/v2\/folder?post=16144"}],"curies":[{"name":"wp","href":"https:\/\/api.w.org\/{rel}","templated":true}]}}